{"id":8480,"date":"2021-08-09T14:50:18","date_gmt":"2021-08-09T12:50:18","guid":{"rendered":"https:\/\/www.asme.cat\/cemvintro\/?page_id=8480"},"modified":"2022-06-28T11:41:44","modified_gmt":"2022-06-28T09:41:44","slug":"avis-legal","status":"publish","type":"page","link":"https:\/\/www.asme.cat\/cemvintro\/avis-legal\/","title":{"rendered":"Avis Legal"},"content":{"rendered":"[vc_row type=\u00bbin_container\u00bb full_screen_row_position=\u00bbmiddle\u00bb column_margin=\u00bbdefault\u00bb column_direction=\u00bbdefault\u00bb column_direction_tablet=\u00bbdefault\u00bb column_direction_phone=\u00bbdefault\u00bb scene_position=\u00bbcenter\u00bb text_color=\u00bbdark\u00bb text_align=\u00bbleft\u00bb row_border_radius=\u00bbnone\u00bb row_border_radius_applies=\u00bbbg\u00bb overlay_strength=\u00bb0.3&#8243; gradient_direction=\u00bbleft_to_right\u00bb shape_divider_position=\u00bbbottom\u00bb bg_image_animation=\u00bbnone\u00bb][vc_column column_padding=\u00bbno-extra-padding\u00bb column_padding_tablet=\u00bbinherit\u00bb column_padding_phone=\u00bbinherit\u00bb column_padding_position=\u00bball\u00bb background_color_opacity=\u00bb1&#8243; background_hover_color_opacity=\u00bb1&#8243; column_shadow=\u00bbnone\u00bb column_border_radius=\u00bbnone\u00bb column_link_target=\u00bb_self\u00bb gradient_direction=\u00bbleft_to_right\u00bb overlay_strength=\u00bb0.3&#8243; width=\u00bb1\/1&#8243; tablet_width_inherit=\u00bbdefault\u00bb tablet_text_alignment=\u00bbdefault\u00bb phone_text_alignment=\u00bbdefault\u00bb column_border_width=\u00bbnone\u00bb column_border_style=\u00bbsolid\u00bb bg_image_animation=\u00bbnone\u00bb][vc_column_text]\n<h2>Av\u00eds legal<\/h2>\n<h3>DADES D\u2019IDENTIFICACI\u00d3<\/h3>\n<p>Vost\u00e8 est\u00e0 visitant el lloc web sota el domini\u00a0<strong>asme.cat<\/strong>\u00a0i\u00a0<strong>asme.es<\/strong>\u00a0titularitat de ASSOCIACI\u00d3 SANT MART\u00cd ESPORT (ASME).<\/p>\n<ul>\n<li>Ra\u00f3 Social: ASSOCIACI\u00d3 SANT MART\u00cd ESPORT (ASME)<\/li>\n<li>Domicili Social: C\/ Bin\u00e8far 10-14, 08020 Barcelona<\/li>\n<li>NIF: G08932675<\/li>\n<li>Tel\u00e8fon: 933 054 959<\/li>\n<li>Correu electr\u00f2nic: lopd@asme.cat<\/li>\n<li>Dades mercantils: Associaci\u00f3 registrada al Registre de Clubs, Associacions i Entitats Esportives de la Direcci\u00f3 General de l&#8217;Esport de la Generalitat de Catalunya<\/li>\n<\/ul>\n<h3>ACCEPTACI\u00d3 DE L\u2019USUARI<\/h3>\n<p>Aquest Av\u00eds Legal regula l\u2019acc\u00e9s i utilitzaci\u00f3 del lloc web sota el domini\u00a0<strong>asme.cat\u00a0<\/strong>i<strong>\u00a0asme.es<\/strong>\u00a0(en endavant el \u00abLloc Web\u00bb) que ASME posa a disposici\u00f3 dels usuaris d\u2019Internet. S\u2019ent\u00e9n per usuari la persona que accedeixi, navegui, utilitzi o participi en els serveis i activitats d\u2019aquest lloc web.<\/p>\n<p>Aquest lloc web compleix amb el que estableix la Llei 34\/2002, de l\u201911 de juliol, de Serveis de la Societat de la Informaci\u00f3 i de Comer\u00e7 Electr\u00f2nic i amb la legislaci\u00f3 vigent en mat\u00e8ria de protecci\u00f3 de dades personals.<\/p>\n<p>ASME podr\u00e0 alterar en qualsevol moment i sense av\u00eds previ, el disseny, presentaci\u00f3 i \/ o configuraci\u00f3 del lloc web, aix\u00ed com alguns o tots els serveis, i afegir serveis nous.<\/p>\n<p>La utilitzaci\u00f3 d\u2019aquest lloc web implica la plena acceptaci\u00f3 de les disposicions incloses en aquest Av\u00eds Legal i Condicions Generals d\u2019\u00das en la versi\u00f3 publicada per ASME en el moment en qu\u00e8 l\u2019Usuari accedeixi al Lloc Web.<\/p>\n<p>La utilitzaci\u00f3 de certs serveis oferts als Usuaris a trav\u00e9s del Lloc Web pot trobar-se sotmesa a condicions particulars pr\u00f2pies que, segons els casos substitueixen, completen i\/o modifiquen les presents Condicions Generals d\u2019\u00das. Per tant, amb anterioritat a la utilitzaci\u00f3 de aquests serveis, l\u2019Usuari tamb\u00e9 ha de llegir atentament i acceptar les corresponents condicions particulars pr\u00f2pies.<\/p>\n<h3>CONDICIONS GENERALS D\u2019\u00daS<\/h3>\n<p>L\u2019acc\u00e9s a la p\u00e0gina web per part dels usuaris t\u00e9 car\u00e0cter lliure i gratu\u00eft, i queda expressament prohibit qualsevol \u00fas diferent a la finalitat d\u2019aquest Lloc Web.<\/p>\n<p>L\u2019usuari es compromet a fer un \u00fas diligent del mateix i dels serveis accessibles des d\u2019aquest lloc web, aix\u00ed com mantenir el degut respecte als altres usuaris.<\/p>\n<p>Entre d\u2019altres, aquest comprom\u00eds implica que:<\/p>\n<ul>\n<li>L\u2019usuari es compromet a utilitzar el lloc web, els continguts i serveis amb total subjecci\u00f3 a la Llei, als bons costums i les presents condicions d\u2019\u00fas i, si escau, les condicions particulars,<\/li>\n<\/ul>\n<p>De la mateixa manera l\u2019Usuari s\u2019obliga a no utilitzar el lloc web o els serveis que es prestin a trav\u00e9s d\u2019ell amb fins o efectes il\u00b7l\u00edcits o contraris al contingut del present Av\u00eds Legal, lesius dels interessos o drets de tercers, o que de qualsevol forma pugui danyar, inutilitzar o deteriorar el lloc web o els seus serveis o impedir un normal gaudi del lloc web per altres Usuaris.<\/p>\n<ul>\n<li>L\u2019usuari es compromet expressament a no destruir, alterar, inutilitzar o, de qualsevol altra forma, danyar les dades, programes o documents electr\u00f2nics i altres que es trobin en el lloc web.<\/li>\n<li>L\u2019usuari es compromet a no obstaculitzar l\u2019acc\u00e9s d\u2019altres usuaris al servei d\u2019acc\u00e9s mitjan\u00e7ant el consum massiu dels recursos inform\u00e0tics a trav\u00e9s dels quals ASME presta el servei, aix\u00ed com realitzar accions que danyin, interrompin o generin errors en aquests sistemes o serveis.<\/li>\n<li>L\u2019usuari es compromet a no introduir programes, virus, macros, applets, controls ActiveX o qualsevol altre dispositiu l\u00f2gic o seq\u00fc\u00e8ncia de car\u00e0cters que causin o siguin susceptibles de causar qualsevol tipus d\u2019alteraci\u00f3 en els sistemes inform\u00e0tics de ASME o de tercers.<\/li>\n<li>L\u2019usuari es compromet a no obtenir informacions, missatges, gr\u00e0fics, dibuixos, arxius de so i\/o imatge, fotografies, enregistraments, programari i en general, qualsevol classe de material accessible a trav\u00e9s del lloc web o dels serveis oferts en el mateix.<\/li>\n<li>L\u2019usuari es compromet a fer un \u00fas adequat dels continguts i serveis (com ara els comentaris, f\u00f2rums d\u2019opini\u00f3 o p\u00e0gines obertes al lector) que ASME ofereix al seu lloc web i a no emprar-los per inc\u00f3rrer en activitats il\u00b7l\u00edcites o contr\u00e0ries a la bona fe i a l\u2019ordenament legal; difondre continguts o propaganda de car\u00e0cter racista, xen\u00f2fob, pornogr\u00e0fic-il\u00b7legal, d\u2019apologia del terrorisme o que atempti contra els drets humans.<\/li>\n<li>De conformitat amb la pol\u00edtica anti-spam de ASME l\u2019usuari s\u2019obliga a abstenir d\u2019utilitzar i recaptar dades a partir de llistes de distribuci\u00f3 a les quals es pugui accedir a trav\u00e9s de les informacions i serveis inclosos al lloc web per a la realitzaci\u00f3 d\u2019activitats amb fins promocionals o publicitaris, aix\u00ed com de remetre comunicacions comercials de qualsevol classe i a trav\u00e9s de qualsevol suport no sol\u00b7licitats ni pr\u00e8viament consentits per ASME i\/o els interessats.<\/li>\n<\/ul>\n<p>L\u2019usuari que incompleixi intencional o culpablement qualsevol de les precedents obligacions i compromisos haur\u00e0 de respondre per tots els danys i perjudicis que causi.<\/p>\n<h3>REGISTRE A LA WEB I CONTRASENYES<\/h3>\n<p>Amb car\u00e0cter general l\u2019acc\u00e9s als serveis i continguts d\u2019aquest lloc web no exigeix \u200b\u200bla pr\u00e8via subscripci\u00f3 o registre dels Usuaris. No obstant aix\u00f2, ASME pot condicionar la utilitzaci\u00f3 d\u2019alguns dels serveis al previ emplenament del corresponent registre d\u2019Usuari, seleccionant l\u2019identificador (ID o login) i la contrasenya que l\u2019Usuari es compromet a conservar i a fer servir amb la dilig\u00e8ncia deguda.<\/p>\n<ul>\n<li>Si per a la utilitzaci\u00f3 d\u2019un servei en el lloc web, l\u2019usuari ha de procedir al seu registre, aquest ser\u00e0 responsable d\u2019aportar informaci\u00f3 vera\u00e7 i l\u00edcita.<\/li>\n<\/ul>\n<p>A aquests efectes, l\u2019Usuari garanteix l\u2019autenticitat de totes aquelles dades que comuniqui com a conseq\u00fc\u00e8ncia de l\u2019emplenament dels formularis necessaris per a la subscripci\u00f3 dels Serveis.<\/p>\n<p>De la mateixa, manera, ser\u00e0 responsabilitat seva mantenir tota la informaci\u00f3 facilitada a ASME permanentment actualitzada de manera que respongui, en cada moment a la situaci\u00f3 real de l\u2019Usuari. En tot cas l\u2019Usuari ser\u00e0 l\u2019\u00fanic responsable de les manifestacions falses o inexactes que realitzi i dels perjudicis que causi a ASME o a tercers per la informaci\u00f3 que faciliti.<\/p>\n<ul>\n<li>Si com a conseq\u00fc\u00e8ncia del registre, es dotar\u00e0 a l\u2019usuari d\u2019una contrasenya, aquest es compromet a fer-ne un \u00fas diligent i a mantenir en secret la contrasenya per accedir a aquests serveis. Els usuaris s\u00f3n responsables de l\u2019adequada cust\u00f2dia i confidencialitat de qualsevol identificador i\/o contrasenya que li siguin subministrades per ASME i es comprometen a no cedir el seu \u00fas a tercers, ja sigui temporal o permanentment, ni a permetre el seu acc\u00e9s a persones alienes. Ser\u00e0 responsabilitat de l\u2019usuari la utilitzaci\u00f3 il\u00b7leg\u00edtima dels serveis per part d\u2019un tercer que empri a aquest efecte una contrasenya obtinguda a causa d\u2019una utilitzaci\u00f3 no diligent o de la p\u00e8rdua d\u2019aquesta per part de l\u2019usuari.<\/li>\n<li>L\u2019usuari est\u00e0 obligat a notificar de forma immediata a ASME qualsevol fet que permeti l\u2019\u00fas indegut dels identificadors i \/ o contrasenyes, tals com el robatori, p\u00e8rdua, o l\u2019acc\u00e9s no autoritzat als mateixos, per tal de procedir a la seva immediata cancel\u00b7laci\u00f3. Mentre no es comuniquin aquests fets, ASME quedar\u00e0 eximit de qualsevol responsabilitat que pogu\u00e9s derivar de l\u2019\u00fas indegut dels identificadors i \/ o contrasenyes per tercers no autoritzats.<\/li>\n<li>Alguns dels serveis i continguts oferts per ASME poden trobar-se subjectes a contractaci\u00f3 pr\u00e8via del servei i al pagament d\u2019una quantitat de diners en la forma que es determini en les condicions generals de contractaci\u00f3, en aquest cas es posaran a la seva disposici\u00f3 forma clara.<\/li>\n<li>Quan sigui necessari que l\u2019usuari es registri o aporti dades personals per poder accedir a algun dels serveis, la recollida i el tractament de les dades personals dels usuaris ser\u00e0 d\u2019aplicaci\u00f3 el que disposa l\u2019apartat de Protecci\u00f3 de dades personals d\u2019aquest Av\u00eds Legal, aix\u00ed com el que disposen les Condicions de Registre si n\u2019hi ha.<\/li>\n<li>Queda prohibida la contractaci\u00f3 de productes o serveis a trav\u00e9s d\u2019aquest lloc web per part de menors d\u2019edat, havent d\u2019obtenir degudament i amb anterioritat, el consentiment dels seus pares, tutors o representants legals, els quals seran considerats com responsables dels actes que duguin a terme els menors al seu c\u00e0rrec.<\/li>\n<\/ul>\n<h3>LIMITACI\u00d3 DE GARANTIES I RESPONSABILITATS<\/h3>\n<p>ASME es compromet a realitzar els seus millors esfor\u00e7os per evitar qualsevol error en els continguts que poguessin apar\u00e8ixer en el lloc web. En qualsevol cas, ASME estar\u00e0 exempta de qualsevol responsabilitat pels danys i perjudicis de tota naturalesa que es puguin deure a la falta d\u2019exactitud, exhaustivitat, actualitat, aix\u00ed com a errors o omissions dels quals poguessin existir en les informacions i serveis continguts de aquest Lloc Web o altres continguts als que es pugui accedir a trav\u00e9s del mateix, ni assumeix cap deure o comprom\u00eds de verificar ni de vigilar els seus continguts i informacions.<\/p>\n<p>Aix\u00ed mateix, ASME no garanteix la disponibilitat, continu\u00eftat ni la infal\u00b7libilitat del funcionament del Lloc Web, i en conseq\u00fc\u00e8ncia exclou, en la m\u00e0xima mesura permesa per la legislaci\u00f3 vigent, qualsevol responsabilitat pels danys i perjudicis de tota naturalesa que puguin deure\u2019s a la falta de disponibilitat o de continu\u00eftat del funcionament del lloc web i dels serveis habilitats en el mateix, aix\u00ed com als errors en l\u2019acc\u00e9s a les diferents p\u00e0gines web o a aquelles des de les que, si escau, es prestin aquests serveis.<\/p>\n<p>ASME tampoc garanteix que el lloc web i el servidor estiguin lliures de virus i no es fa responsable dels possibles danys o perjudicis que es puguin derivar d\u2019interfer\u00e8ncies, omissions, interrupcions, virus inform\u00e0tics, avaries telef\u00f2niques o desconnexions en el funcionament operatiu d\u2019aquest sistema electr\u00f2nic, motivat per causes alienes a ASME, de retards o bloquejos en l\u2019\u00fas d\u2019aquest sistema electr\u00f2nic causats per defici\u00e8ncies de l\u00ednies telef\u00f2niques o sobrec\u00e0rregues en el sistema d\u2019Internet o en altres sistemes electr\u00f2nics, aix\u00ed com tamb\u00e9 de danys que puguin ser causats per terceres persones mitjan\u00e7ant intromissions il\u00b7leg\u00edtimes fora del control de ASME.<\/p>\n<p>ASME exclou qualsevol responsabilitat pels danys i perjudicis de tota \u00edndole que puguin deure als serveis prestats per tercers a trav\u00e9s d\u2019aquest Lloc Web aix\u00ed com als mitjans que aquests habiliten per gestionar les sol\u00b7licituds de servei, i concretament, de manera enunciativa i no limitatiu: pels actes de compet\u00e8ncia deslleial i publicitat il\u00b7l\u00edcita com a conseq\u00fc\u00e8ncia de la prestaci\u00f3 de serveis per tercers a trav\u00e9s del lloc web, aix\u00ed com a la falta de veracitat, exactitud, exhaustivitat, vicis, defectes, pertin\u00e8ncia i\/o actualitat els continguts transmesos, difosos, emmagatzemats, rebuts, obtinguts, posats a disposici\u00f3 o accessibles mitjan\u00e7ant els serveis prestats per tercers a trav\u00e9s d\u2019aquest lloc web.<\/p>\n<h3>PROPIETAT INTEL\u00b7LECTUAL I INDUSTRIAL.<\/h3>\n<p>Tots els drets de propietat industrial i intel\u00b7lectual d\u2019aquest lloc web i dels seus continguts (textos, imatges, sons, \u00e0udio, v\u00eddeo, dissenys, creativitats, software) pertanyen, com a autor d\u2019obra col\u00b7lectiva o com a cession\u00e0ria, a ASME o, si \u00e9s el cas, a terceres persones.<\/p>\n<p>Queden expressament prohibides la reproducci\u00f3, la distribuci\u00f3 i la comunicaci\u00f3 p\u00fablica, inclosa la seva modalitat de posada a disposici\u00f3, de la totalitat o part dels continguts d\u2019aquesta p\u00e0gina web, amb qualsevol fi, en qualsevol suport i per qualsevol mitj\u00e0 t\u00e8cnic, sense l\u2019autoritzaci\u00f3 de ASME.<\/p>\n<p>L\u2019usuari es compromet a respectar els drets de propietat industrial i intel\u00b7lectual titularitat de ASME i de tercers.<\/p>\n<p>L\u2019usuari pot visualitzar tots els elements, imprimir-los, copiar-los i emmagatzemar-los al disc dur del seu ordinador o en qualsevol altre suport f\u00edsic sempre que sigui, \u00fanica i exclusivament, per al seu \u00fas personal i privat, quedant, per tant, terminantment prohibida la seva utilitzaci\u00f3 amb altres fins, la seva distribuci\u00f3, aix\u00ed com la seva modificaci\u00f3, alteraci\u00f3 o descompilaci\u00f3.<\/p>\n<h3>ENLLA\u00c7OS DE TERCERS<\/h3>\n<p>En el sup\u00f2sit que en el lloc web es disposessin enlla\u00e7os o hipervincles cap a altres llocs d\u2019Internet, ASME no exercir\u00e0 cap tipus de control sobre aquests llocs i continguts.<\/p>\n<p>En cap cas ASME assumir\u00e0 responsabilitat alguna pels continguts d\u2019algun enlla\u00e7 pertanyent a un lloc web ali\u00e8, ni garantir\u00e0 la disponibilitat t\u00e8cnica, qualitat, fiabilitat, exactitud, amplitud, veracitat ni validesa de qualsevol material o informaci\u00f3 continguda en cap de els hipervincles o altres llocs d\u2019Internet.<\/p>\n<p>Aquests enlla\u00e7os es proporcionen \u00fanicament per informar a l\u2019usuari sobre l\u2019exist\u00e8ncia d\u2019altres fonts d\u2019informaci\u00f3 sobre un tema concret, i la inclusi\u00f3 d\u2019un enlla\u00e7 no implica l\u2019aprovaci\u00f3 de la p\u00e0gina web enlla\u00e7ada per part de ASME.<\/p>\n<p>ASME tan sols autoritza mencions als seus continguts en altres seus web, amb el tractament que aquestes considerin sempre que sigui respectu\u00f3s, compleixi la legislaci\u00f3 vigent i en cap cas reprodueixin, sense la deguda autoritzaci\u00f3, els continguts de ASME.<\/p>\n<h3>PROTECCI\u00d3 DE DADES PERSONALS<\/h3>\n<p>ASME adopta les mesures t\u00e8cniques i organitzatives necess\u00e0ries per garantir la protecci\u00f3 de les dades de car\u00e0cter personal i evitar la seva alteraci\u00f3, p\u00e8rdua, tractament i\/o acc\u00e9s no autoritzat, at\u00e8s l\u2019estat actual de la tecnologia, la naturalesa de les dades emmagatzemades i els riscos a qu\u00e8 estan exposats. Tot aix\u00f2, d\u2019acord amb el que estableix la legislaci\u00f3 vigent en mat\u00e8ria de protecci\u00f3 de dades de car\u00e0cter personal.<\/p>\n<p>L\u2019usuari podr\u00e0 proporcionar a ASME les seves dades de car\u00e0cter personal a trav\u00e9s dels diferents formularis que a aquest efecte apareixen al lloc web. Aquests formularis incorporen un enlla\u00e7 a la\u00a0<strong><u>Pol\u00edtica de Privacitat<\/u><\/strong>.<\/p>\n<p>De la mateixa manera, ASME podr\u00e0 obtenir dades de car\u00e0cter personal originats per la seva navegaci\u00f3 i\/o \u00fas d\u2019aquest lloc web, d\u2019acord amb la nostra pol\u00edtica de privacitat.<\/p>\n<p>Preguem llegeixi atentament la nostra\u00a0<strong><u>Pol\u00edtica de Privacitat<\/u><\/strong>\u00a0abans de facilitar les seves dades de car\u00e0cter personal.<\/p>\n<h3>\u00daS DE COOKIES<\/h3>\n<p>Aquest lloc web, igual que la majoria dels llocs web a Internet, fa servir cookies per millorar l\u2019experi\u00e8ncia de l\u2019usuari. A la nostra\u00a0<strong><u>Pol\u00edtica de Cookies<\/u><\/strong>\u00a0trobareu informaci\u00f3 sobre qu\u00e8 s\u00f3n les cookies, quin tipus de cookies utilitza aquest lloc web, com pot desactivar les cookies en el seu navegador i com desactivar espec\u00edficament la instal\u00b7laci\u00f3 de cookies de tercers.<\/p>\n<p>Preguem llegeixi atentament la nostra\u00a0<strong><u>Pol\u00edtica de Cookies<\/u><\/strong>\u00a0abans de continuar navegant al nostre lloc web.<\/p>\n<h3>MODIFICACI\u00d3 DE LES CONDICIONS DE L\u2019AV\u00cdS LEGAL<\/h3>\n<p>ASME es reserva expressament el dret a modificar el present av\u00eds legal sense notificaci\u00f3 pr\u00e8via. En conseq\u00fc\u00e8ncia, l\u2019Usuari ha de llegir atentament el present Av\u00eds Legal en cadascuna de les ocasions en qu\u00e8 es procedeixi a utilitzar el lloc web, ja que aquest Av\u00eds Legal pot sofrir modificacions.<\/p>\n<p>L\u2019usuari reconeix i accepta que \u00e9s la seva responsabilitat revisar el lloc web i el present Av\u00eds Legal.<\/p>\n<h3>LLEI I JURISDICCI\u00d3<\/h3>\n<p>Totes les q\u00fcestions que se suscitin entre ASME i l\u2019usuari relatives a la interpretaci\u00f3, compliment i validesa del present Av\u00eds Legal es regiran per les seves pr\u00f2pies cl\u00e0usules i, en el que en elles no estigu\u00e9s previst, d\u2019acord amb la legislaci\u00f3 espanyola, sotmetent-se expressament les parts a la jurisdicci\u00f3 dels jutjats i tribunals del domicili de ASME.[\/vc_column_text][\/vc_column][\/vc_row]\n","protected":false},"excerpt":{"rendered":"<p>[vc_row type=\u00bbin_container\u00bb full_screen_row_position=\u00bbmiddle\u00bb column_margin=\u00bbdefault\u00bb column_direction=\u00bbdefault\u00bb column_direction_tablet=\u00bbdefault\u00bb column_direction_phone=\u00bbdefault\u00bb scene_position=\u00bbcenter\u00bb text_color=\u00bbdark\u00bb text_align=\u00bbleft\u00bb row_border_radius=\u00bbnone\u00bb row_border_radius_applies=\u00bbbg\u00bb overlay_strength=\u00bb0.3&#8243; gradient_direction=\u00bbleft_to_right\u00bb shape_divider_position=\u00bbbottom\u00bb&#8230;<\/p>\n","protected":false},"author":3,"featured_media":0,"parent":0,"menu_order":0,"comment_status":"closed","ping_status":"closed","template":"","meta":{"footnotes":""},"class_list":["post-8480","page","type-page","status-publish"],"_links":{"self":[{"href":"https:\/\/www.asme.cat\/cemvintro\/wp-json\/wp\/v2\/pages\/8480","targetHints":{"allow":["GET"]}}],"collection":[{"href":"https:\/\/www.asme.cat\/cemvintro\/wp-json\/wp\/v2\/pages"}],"about":[{"href":"https:\/\/www.asme.cat\/cemvintro\/wp-json\/wp\/v2\/types\/page"}],"author":[{"embeddable":true,"href":"https:\/\/www.asme.cat\/cemvintro\/wp-json\/wp\/v2\/users\/3"}],"replies":[{"embeddable":true,"href":"https:\/\/www.asme.cat\/cemvintro\/wp-json\/wp\/v2\/comments?post=8480"}],"version-history":[{"count":4,"href":"https:\/\/www.asme.cat\/cemvintro\/wp-json\/wp\/v2\/pages\/8480\/revisions"}],"predecessor-version":[{"id":11791,"href":"https:\/\/www.asme.cat\/cemvintro\/wp-json\/wp\/v2\/pages\/8480\/revisions\/11791"}],"wp:attachment":[{"href":"https:\/\/www.asme.cat\/cemvintro\/wp-json\/wp\/v2\/media?parent=8480"}],"curies":[{"name":"wp","href":"https:\/\/api.w.org\/{rel}","templated":true}]}}