{"id":8482,"date":"2021-08-09T14:51:31","date_gmt":"2021-08-09T12:51:31","guid":{"rendered":"https:\/\/www.asme.cat\/cemlaverneda\/?page_id=8482"},"modified":"2022-06-28T09:38:11","modified_gmt":"2022-06-28T07:38:11","slug":"privacitat","status":"publish","type":"page","link":"https:\/\/www.asme.cat\/cemlaverneda\/privacitat\/","title":{"rendered":"Termes d&#8217;\u00fas i Pol\u00edtica de Privacitat"},"content":{"rendered":"[vc_row type=\u00bbin_container\u00bb full_screen_row_position=\u00bbmiddle\u00bb column_margin=\u00bbdefault\u00bb column_direction=\u00bbdefault\u00bb column_direction_tablet=\u00bbdefault\u00bb column_direction_phone=\u00bbdefault\u00bb scene_position=\u00bbcenter\u00bb text_color=\u00bbdark\u00bb text_align=\u00bbleft\u00bb row_border_radius=\u00bbnone\u00bb row_border_radius_applies=\u00bbbg\u00bb overlay_strength=\u00bb0.3&#8243; gradient_direction=\u00bbleft_to_right\u00bb shape_divider_position=\u00bbbottom\u00bb bg_image_animation=\u00bbnone\u00bb][vc_column column_padding=\u00bbno-extra-padding\u00bb column_padding_tablet=\u00bbinherit\u00bb column_padding_phone=\u00bbinherit\u00bb column_padding_position=\u00bball\u00bb background_color_opacity=\u00bb1&#8243; background_hover_color_opacity=\u00bb1&#8243; column_shadow=\u00bbnone\u00bb column_border_radius=\u00bbnone\u00bb column_link_target=\u00bb_self\u00bb gradient_direction=\u00bbleft_to_right\u00bb overlay_strength=\u00bb0.3&#8243; width=\u00bb1\/1&#8243; tablet_width_inherit=\u00bbdefault\u00bb tablet_text_alignment=\u00bbdefault\u00bb phone_text_alignment=\u00bbdefault\u00bb column_border_width=\u00bbnone\u00bb column_border_style=\u00bbsolid\u00bb bg_image_animation=\u00bbnone\u00bb][vc_column_text]\n<h2>POL\u00cdTICA DE PRIVACITAT<\/h2>\n<p>La confidencialitat i la seguretat s\u00f3n valors primordials ASSOCIACI\u00d3 SANT MART\u00cd ESPORT \u00a0(ASME) i, en conseq\u00fc\u00e8ncia, assumim el comprom\u00eds de garantir la privacitat de les dades personals dels nostres clients en tot moment i de no recaptar informaci\u00f3 innecess\u00e0ria.<\/p>\n<p>A continuaci\u00f3, li proporcionem tota la informaci\u00f3 necess\u00e0ria sobre la nostra Pol\u00edtica de Privacitat en relaci\u00f3 amb les dades personals que recaptem, explicant-:<\/p>\n<ul>\n<li>Qui \u00e9s el responsable del tractament de les seves dades.<\/li>\n<li>Per quines finalitats demanem les dades que li demanem.<\/li>\n<li>Quina \u00e9s la legitimaci\u00f3 per al seu tractament.<\/li>\n<li>Durant quant de temps els conservem.<\/li>\n<li>A qu\u00e8 destinataris es comuniquen les seves dades.<\/li>\n<li>Quins s\u00f3n els seus drets.<\/li>\n<\/ul>\n<h3><a name=\"_Toc517350118\"><\/a>Qui \u00e9s el responsable del tractament de les dades personals?<\/h3>\n<p><strong>Ra\u00f3 social:\u00a0<\/strong>ASSOCIACI\u00d3 SANT MART\u00cd ESPORT<\/p>\n<p><strong>NIF:<\/strong>\u00a0G08932675<\/p>\n<p><strong>ADRE\u00c7A:\u00a0<\/strong>C\/ Binefar 10-14, 08020 Barcelona<\/p>\n<p><strong>Contacte:<\/strong>\u00a0lopd@asme.cat<\/p>\n<h3><a name=\"_Toc517350120\"><\/a>Qui s\u00f3n els col\u00b7lectius d\u2019interessats?<\/h3>\n<p>Les dades de car\u00e0cter personal tractades s\u00f3n aquelles de:<\/p>\n<ul>\n<li>Persones de que ens han proporcionat les seves dades en els diferents formularis de la web per fer consultes o obtenir informaci\u00f3 sobre els nostres serveis i activitats.<\/li>\n<li>Persones que volen contractar els nostres serveis a trav\u00e9s de la web.<\/li>\n<li><a name=\"_Toc517350121\"><\/a>Usuaris que visiten el lloc web<\/li>\n<\/ul>\n<h3>Amb quina finalitats i legitimitzaci\u00f3 utilitzem les dades personals?<\/h3>\n<p>A ASME tractem les dades personals per respondre a les demandes d\u2019informaci\u00f3 o respondre a les teves sol\u00b7licituds.<\/p>\n<p>Aquestes dades de car\u00e0cter personal seran tractades per a les finalitats leg\u00edtimes que s\u2019indiquen a continuaci\u00f3.<\/p>\n<ul>\n<li><strong>Resposta a sol\u00b7licituds d\u2019informaci\u00f3 o de contacte<\/strong><\/li>\n<\/ul>\n<p>A ASME utilitzarem les dades de contacte proporcionades per respondre a les seves sol\u00b7licituds i consultes respecte els nostres productes i serveis, ja siguin realitzades mitjan\u00e7ant el formulari disponible a la web o dirigides a les adreces de correu electr\u00f2nic de contacte que hi ha publicades.<\/p>\n<p><strong>Legitimitzaci\u00f3:<\/strong><\/p>\n<ul>\n<li>Inter\u00e8s leg\u00edtim de ASME per a aquest tractament de dades tenint en compte les expectatives raonables dels interessats a rebre una resposta a les seves peticions<strong>.<\/strong><\/li>\n<li>Consentiment donat lliurement per l\u2019interessat qui envia les seves dades mitjan\u00e7ant el formulari proporcionat espec\u00edficament per a aquest prop\u00f2sit.<\/li>\n<\/ul>\n<p><strong>Dades tractades:<\/strong><\/p>\n<ul>\n<li>Dades d\u2019 identificaci\u00f3: Nom i cognoms<\/li>\n<li>Dades de contacte: Adre\u00e7a d\u2019 email i tel\u00e8fon de contacte<\/li>\n<\/ul>\n<p>&nbsp;<\/p>\n<ul>\n<li><strong>Contractar serveis oferts al web<\/strong><\/li>\n<\/ul>\n<p>Es tractaran les dades personals proporcionades per gestionar els contractes i la facturaci\u00f3 realitzades a trav\u00e9s de la nostra web.<\/p>\n<p><strong>Dades tractades:<\/strong><\/p>\n<ul>\n<li>Dades per a facturaci\u00f3: Nom i cognoms, adre\u00e7a de facturaci\u00f3, email i tel\u00e8fon de contacte.<\/li>\n<li>Dades de transaccions: Registre de serveis contractats<\/li>\n<\/ul>\n<p><strong>Legitimaci\u00f3:<\/strong><\/p>\n<ul>\n<li>Inter\u00e8s leg\u00edtim d\u2019 ASME per a prestar els serveis sol\u00b7licitats.<\/li>\n<li>Tractament necessari per a l\u2019 execuci\u00f3 d\u2019 un contracte en el qual l\u2019 interessat \u00e9s part o per l\u2019 aplicaci\u00f3 a petici\u00f3 d\u2019 aquest de mesures pre-contractuals.<\/li>\n<\/ul>\n<p>&nbsp;<\/p>\n<ul>\n<li><strong>Anal\u00edtiques de visites al lloc web<\/strong><\/li>\n<\/ul>\n<p>ASME fa \u00fas de diverses t\u00e8cniques per recollir informaci\u00f3 que pugui ser utilitzada per obtenir dades anal\u00edtiques de les visites i navegaci\u00f3 per les p\u00e0gines dels nostres llocs web.<\/p>\n<p>Aquestes anal\u00edtiques es recolzen en l\u2019 \u00fas de serveis externs que disposen de la seva pr\u00f2pia pol\u00edtica de privacitat:<\/p>\n<ul>\n<li>Google Analytics (https:\/\/policies.google.com\/technologies\/partner-sites)<\/li>\n<\/ul>\n<p>&nbsp;<\/p>\n<p>\u00c9s important remarcar que, tal com indiquen les seves pol\u00edtiques de privacitat, aquestes empreses poden creuar les dades de navegaci\u00f3 amb els seus registres interns a fi d\u2019 utilitzar-les per a la personalitzaci\u00f3 d\u2019 anuncis, encara que no es tingui un compte registrat per als seus serveis.<\/p>\n<p><strong>Dades tractades:<\/strong><\/p>\n<ul>\n<li>Identificadors online, incloent cookies d\u2019identificaci\u00f3<\/li>\n<li>adreces de protocol d\u2019internet (IP) i identificadors de dispositius<\/li>\n<li>identificadors de clients<\/li>\n<li>Informaci\u00f3 continguda a les cap\u00e7aleres HTTP de les sol\u00b7licituds enviades a trav\u00e9s d\u2019internet tal com el tipus de dispositiu, sistema operatiu i navegador des del qual es visiten les p\u00e0gines.<\/li>\n<li>Informaci\u00f3 proporcionada pel navegador tal com l\u2019 idioma preferit, zona hor\u00e0ria i altres.<\/li>\n<li>Informaci\u00f3 geogr\u00e0fica derivada de l\u2019 adre\u00e7a IP<\/li>\n<li>Dades de navegaci\u00f3 al lloc web: p\u00e0gines visitades<\/li>\n<\/ul>\n<p>M\u00e9s informaci\u00f3 a:<\/p>\n<ul>\n<li>https:\/\/policies.google.com\/technologies\/partner-sites<\/li>\n<\/ul>\n<p>&nbsp;<\/p>\n<p>Legitimaci\u00f3:<\/p>\n<ul>\n<li>Inter\u00e8s leg\u00edtim de ASME per a obtenir informaci\u00f3 anal\u00edtica sobre l\u2019\u00fas del lloc web per part dels visitants.<\/li>\n<li>Consentiment donat per a l\u2019\u00fas de cookies i obtenci\u00f3 de dades de navegaci\u00f3.<\/li>\n<\/ul>\n<p>&nbsp;<\/p>\n<p>A m\u00e9s de l\u2019anterior, ASME podr\u00e0 dur a terme altres tractaments de les dades personals. En aquest cas l\u2019interessat rebr\u00e0 la informaci\u00f3 necess\u00e0ria en relaci\u00f3 a aquests tractaments i ASME sol\u00b7licitar\u00e0 el seu consentiment si aix\u00ed resulta necessari.<\/p>\n<h3><a name=\"_Toc517350122\"><\/a>Durant quant de temps conservar\u00e0 ASME les dades?<\/h3>\n<p>En general, les dades es conservaran durant el temps que sigui necessari per complir amb la finalitat per a la qual es van demanar i per a determinar les possibles responsabilitats que es puguin derivar d\u2019aquesta finalitat i del tractament de les dades.<\/p>\n<p>Entre d\u2019altres, implica que ASME conservar\u00e0 les dades personals dels interessats pel temps que duri la vinculaci\u00f3 amb nosaltres i, si s\u2019escau, \u00a0durant el per\u00edode que resulti necessari per a la formulaci\u00f3, l\u2019exercici o la defensa de potencials reclamacions, o per complir amb les obligacions legals que determini la legislaci\u00f3 aplicable.<\/p>\n<p>En el cas de les dades recopilades per tercers tals com Google i Oracle, es regiran pels termes establerts per aquests en les seves respectives pol\u00edtiques de privacitat i la persist\u00e8ncia de les cookies informada a la nostra\u00a0<strong>Pol\u00edtica de Cookies<\/strong>.<\/p>\n<p>Un cop finalitzat l\u2019esmentat termini, ASME es compromet a cessar el tractament de totes les dades personals, destruir-les, bloquejar-les o anonimitzar-les en la mesura que sigui possible per a la finalitat per a la qual es conservessin.<\/p>\n<h3><a name=\"_Toc517350123\"><\/a>A qui es comunicaran les dades?<\/h3>\n<p>Les dades personals no es cediran a tercers, llevat que sigui necessari per donar resposta a la sol\u00b7licitud, estiguem obligats per una llei o l\u2019interessat ens hagis donat el seu consentiment.<\/p>\n<p>Tamb\u00e9 pot ser que comuniquem les dades a empreses que ens presten serveis relacionats amb l\u2019activitat ordin\u00e0ria i administrativa de l\u2019empresa en qualitat d\u2019encarregats de tractament, nacionals o internacionals, en el marc de la prestaci\u00f3 de serveis com ara, entre d\u2019altres, prove\u00efdors de serveis de correu electr\u00f2nic, allotjament de serveis web, allotjament de servidors, serveis d\u2019aplicacions de gesti\u00f3 en modalitat SaaS, arxiu de fitxers en el n\u00favol i altres.<\/p>\n<p>La prestaci\u00f3 d\u2019aquests serveis pot implicar el tractament de les dades personals per part d\u2019empreses ubicades en pa\u00efsos fora de l\u2019Espai Econ\u00f2mic Europeu (transfer\u00e8ncies internacionals de dades).\u00a0No obstant aix\u00f2, nom\u00e9s es realitzar\u00e0 amb pa\u00efsos que ofereixen un nivell adequat de protecci\u00f3 o que hagin posat a la nostra disposici\u00f3 Cl\u00e0usules Contractuals Tipus (Standard Contractual Clauses \u2013 SCC) d\u2019acord amb la decisi\u00f3 de la Comissi\u00f3 Europea per a transfer\u00e8ncies de dades des de responsables a la UE a encarregats establerts fora de la UE.<\/p>\n<p>&nbsp;<\/p>\n<p>A continuaci\u00f3, es relacionen els prove\u00efdors de serveis vinculats al lloc web de ASME:<\/p>\n<table>\n<tbody>\n<tr>\n<td width=\"160\">Google Inc<\/td>\n<td width=\"434\">Prove\u00efdor del servei d\u2019anal\u00edtiques d\u2019\u00fas web .<a href=\"https:\/\/privacy.google.com\/businesses\/processorterms\/\"><em>https:\/\/privacy.google.com\/businesses\/processorterms\/<\/em><\/a><\/td>\n<\/tr>\n<\/tbody>\n<\/table>\n<p>&nbsp;<\/p>\n<h3><a name=\"_Toc517350124\"><\/a>Quins s\u00f3n els drets dels interessats quan ens faciliten les teves dades?<\/h3>\n<p>En qualsevol moment l\u2019interessat pot exercir els seus drets d\u2019acc\u00e9s, rectificaci\u00f3, supressi\u00f3 i portabilitat de les dades personals tractades per ASME, aix\u00ed com els d\u2019oposici\u00f3 i limitaci\u00f3 del seu tractament.<\/p>\n<p>Aquests drets podran ser exercits gratu\u00eftament per l\u2019interessat, i si escau per qui el representi, mitjan\u00e7ant sol\u00b7licitud escrita i signada, acompanyada de c\u00f2pia del seu DNI o document equivalent que acrediti la seva identitat, adre\u00e7ada a<\/p>\n<ul>\n<li>Per correu electr\u00f2nic: lopd@asme.cat<\/li>\n<li>Per correu postal: C\/ Binefar 10-14, 08020 Barcelona<\/li>\n<\/ul>\n<p>&nbsp;<\/p>\n<p>En el cas de representaci\u00f3, s\u2019haur\u00e0 de provar mitjan\u00e7ant document escrit i adjuntant c\u00f2pia del DNI o document equivalent que acrediti la seva representaci\u00f3.<\/p>\n<p>A m\u00e9s dels anteriors drets, l\u2019interessat tindr\u00e0 dret a\u00a0<strong>retirar el consentiment atorgat<\/strong>\u00a0en qualsevol moment mitjan\u00e7ant el procediment abans descrit, sense que aquesta retirada de consentiment afecti la licitud del tractament anterior a la retirada d\u2019aquest. ASME podr\u00e0 continuar tractant les dades personals de l\u2019interessat en la mesura que la llei aplicable ho permeti o persisteixi qualsevol altra legitimitzaci\u00f3 que ho justifiqui.<\/p>\n<p>ASME recorda a l\u2019interessat que t\u00e9 dret a presentar una reclamaci\u00f3 davant l\u2019autoritat de control pertinent (Ag\u00e8ncia Espanyola de Protecci\u00f3 de Dades).<\/p>\n<h3><a name=\"_Toc517350126\"><\/a>Actualitzaci\u00f3 de les seves dades<\/h3>\n<p>\u00c9s important que per tal de que puguem mantenir les seves dades personals actualitzades, ens informi sempre que hagi hagut alguna modificaci\u00f3 en elles. En cas contrari, no responem de la veracitat de les mateixes i les implicacions que pugui tenir en el seu tractament.<\/p>\n<h3>Seguretat en el tractament i cust\u00f2dia de dades<\/h3>\n<p><strong>ASME<\/strong>\u00a0declara que ha aplicat les mesures t\u00e8cniques i organitzatives apropiades per tal de garantir i poder demostrar que el tractament \u00e9s conforme amb la legislaci\u00f3 vigent i que es garanteix la protecci\u00f3 dels drets dels interessats.<\/p>\n<p>Per a aix\u00f2 ha implantat un Sistema de Gesti\u00f3 de la Protecci\u00f3 de Dades Personals per tal de determinar y aplicar els mitjans t\u00e8cnics i organitzatius al seu abast per evitar la p\u00e8rdua, mal \u00fas, alteraci\u00f3, acc\u00e9s no autoritzat i robatori de les dades facilitades pels usuaris, sense perjudici d\u2019informar que les mesures de seguretat a Internet no s\u00f3n inexpugnables.<\/p>\n<p>Aix\u00ed mateix, el ASME ha posat en marxa controls interns amb la finalitat de verificar, avaluar i valorar, de forma regular, l\u2019efic\u00e0cia de les mesures t\u00e8cniques i organitzatives implantades per a garantir la seguretat del tractament.<\/p>\n<p>&nbsp;<\/p>\n<h3>\u00das de cookies (galetes)<\/h3>\n<p>Aquest lloc web, igual que la majoria dels llocs web a Internet, fa servir cookies per millorar l\u2019experi\u00e8ncia de l\u2019usuari.<\/p>\n<p>A la nostra\u00a0<strong><u>Pol\u00edtica de Cookies<\/u><\/strong>\u00a0trobareu informaci\u00f3 sobre qu\u00e8 s\u00f3n les cookies, quin tipus de cookies utilitza aquest portal, com pot desactivar les cookies en el seu navegador i com desactivar espec\u00edficament la instal\u00b7laci\u00f3 de cookies de tercers.<\/p>\n<p>Preguem llegeixi atentament la nostra\u00a0<strong><u>Pol\u00edtica de Cookies<\/u><\/strong>\u00a0abans de continuar navegant al nostre lloc web.<\/p>\n<p>&nbsp;<\/p>\n<p><a name=\"_Toc517350127\"><\/a><strong>Enlla\u00e7os a p\u00e0gines de tercers<\/strong><\/p>\n<p>La nostra web cont\u00e9 enlla\u00e7os a altres p\u00e0gines les pr\u00e0ctiques de privacitat de les quals podran diferir de les del ASME. Si envia informaci\u00f3 personal a aquestes p\u00e0gines, aquesta ser\u00e0 tractada conforme a les seves pol\u00edtiques de privacitat. Li suggerim que llegeixi amb deteniment la pol\u00edtica de privacitat de totes les p\u00e0gines que visiti.<\/p>\n<p>&nbsp;<\/p>\n<h3>Modificaci\u00f3 de la Pol\u00edtica de Privacitat<\/h3>\n<p>ASME pot modificar la seva Pol\u00edtica de Privacitat d\u2019acord amb la legislaci\u00f3 aplicable en cada moment. En tot cas, qualsevol modificaci\u00f3 de la Pol\u00edtica de Privacitat li ser\u00e0 degudament notificada perqu\u00e8 quedi informat dels canvis realitzats en el tractament de les seves dades personals i, en cas que la normativa aplicable aix\u00ed ho exigeixi, l\u2019interessat pugui confirmar el seu consentiment.[\/vc_column_text][\/vc_column][\/vc_row]\n","protected":false},"excerpt":{"rendered":"<p>[vc_row type=\u00bbin_container\u00bb full_screen_row_position=\u00bbmiddle\u00bb column_margin=\u00bbdefault\u00bb column_direction=\u00bbdefault\u00bb column_direction_tablet=\u00bbdefault\u00bb column_direction_phone=\u00bbdefault\u00bb scene_position=\u00bbcenter\u00bb text_color=\u00bbdark\u00bb text_align=\u00bbleft\u00bb row_border_radius=\u00bbnone\u00bb row_border_radius_applies=\u00bbbg\u00bb overlay_strength=\u00bb0.3&#8243; gradient_direction=\u00bbleft_to_right\u00bb shape_divider_position=\u00bbbottom\u00bb&#8230;<\/p>\n","protected":false},"author":3,"featured_media":0,"parent":0,"menu_order":0,"comment_status":"closed","ping_status":"closed","template":"","meta":{"footnotes":""},"class_list":["post-8482","page","type-page","status-publish"],"_links":{"self":[{"href":"https:\/\/www.asme.cat\/cemlaverneda\/wp-json\/wp\/v2\/pages\/8482","targetHints":{"allow":["GET"]}}],"collection":[{"href":"https:\/\/www.asme.cat\/cemlaverneda\/wp-json\/wp\/v2\/pages"}],"about":[{"href":"https:\/\/www.asme.cat\/cemlaverneda\/wp-json\/wp\/v2\/types\/page"}],"author":[{"embeddable":true,"href":"https:\/\/www.asme.cat\/cemlaverneda\/wp-json\/wp\/v2\/users\/3"}],"replies":[{"embeddable":true,"href":"https:\/\/www.asme.cat\/cemlaverneda\/wp-json\/wp\/v2\/comments?post=8482"}],"version-history":[{"count":6,"href":"https:\/\/www.asme.cat\/cemlaverneda\/wp-json\/wp\/v2\/pages\/8482\/revisions"}],"predecessor-version":[{"id":11641,"href":"https:\/\/www.asme.cat\/cemlaverneda\/wp-json\/wp\/v2\/pages\/8482\/revisions\/11641"}],"wp:attachment":[{"href":"https:\/\/www.asme.cat\/cemlaverneda\/wp-json\/wp\/v2\/media?parent=8482"}],"curies":[{"name":"wp","href":"https:\/\/api.w.org\/{rel}","templated":true}]}}