{"id":7991,"date":"2021-07-07T07:38:31","date_gmt":"2021-07-07T07:38:31","guid":{"rendered":"https:\/\/www.asme.cat\/cemlaverneda\/?page_id=7991"},"modified":"2021-10-05T11:02:35","modified_gmt":"2021-10-05T09:02:35","slug":"preus","status":"publish","type":"page","link":"https:\/\/www.asme.cat\/cemlaverneda\/preus\/","title":{"rendered":"Preus"},"content":{"rendered":"[vc_row type=\u00bbfull_width_background\u00bb full_screen_row_position=\u00bbmiddle\u00bb column_margin=\u00bbdefault\u00bb equal_height=\u00bbyes\u00bb content_placement=\u00bbmiddle\u00bb column_direction=\u00bbdefault\u00bb column_direction_tablet=\u00bbdefault\u00bb column_direction_phone=\u00bbdefault\u00bb bg_color=\u00bbrgba(0,0,0,0.8)\u00bb bg_image=\u00bb9346&#8243; bg_position=\u00bbcenter top\u00bb bg_repeat=\u00bbno-repeat\u00bb scene_position=\u00bbcenter\u00bb top_padding=\u00bb15%\u00bb bottom_padding=\u00bb10%\u00bb text_color=\u00bblight\u00bb text_align=\u00bbleft\u00bb row_border_radius=\u00bbnone\u00bb row_border_radius_applies=\u00bbbg\u00bb id=\u00bbbuilt-by-riders\u00bb row_name=\u00bbBuilt By Riders\u00bb color_overlay=\u00bb#0a0a0a\u00bb overlay_strength=\u00bb0.8&#8243; gradient_direction=\u00bbleft_to_right\u00bb shape_divider_position=\u00bbbottom\u00bb bg_image_animation=\u00bbnone\u00bb shape_type=\u00bb\u00bb][vc_column column_padding=\u00bbno-extra-padding\u00bb column_padding_tablet=\u00bbinherit\u00bb column_padding_phone=\u00bbinherit\u00bb column_padding_position=\u00bball\u00bb background_color_opacity=\u00bb1&#8243; background_hover_color_opacity=\u00bb1&#8243; column_shadow=\u00bbnone\u00bb column_border_radius=\u00bbnone\u00bb column_link_target=\u00bb_self\u00bb gradient_direction=\u00bbleft_to_right\u00bb overlay_strength=\u00bb0.3&#8243; width=\u00bb1\/2&#8243; tablet_width_inherit=\u00bbdefault\u00bb tablet_text_alignment=\u00bbdefault\u00bb phone_text_alignment=\u00bbdefault\u00bb column_border_width=\u00bbnone\u00bb column_border_style=\u00bbsolid\u00bb bg_image_animation=\u00bbnone\u00bb][vc_column_text]\n<h2>TARIFES 2021<\/h2>\n[\/vc_column_text][vc_column_text css=\u00bb.vc_custom_1631644294742{margin-top: 20px !important;padding-right: 10% !important;}\u00bb]Els millors serveis i les m\u00e9s completes instal\u00b7lacions a un preu inigualable[\/vc_column_text][\/vc_column][vc_column column_padding=\u00bbpadding-2-percent\u00bb column_padding_tablet=\u00bbinherit\u00bb column_padding_phone=\u00bbinherit\u00bb column_padding_position=\u00bball\u00bb background_color_opacity=\u00bb1&#8243; background_hover_color_opacity=\u00bb1&#8243; column_shadow=\u00bbnone\u00bb column_border_radius=\u00bbnone\u00bb column_link_target=\u00bb_self\u00bb gradient_direction=\u00bbleft_to_right\u00bb overlay_strength=\u00bb0.3&#8243; width=\u00bb1\/2&#8243; tablet_width_inherit=\u00bbdefault\u00bb tablet_text_alignment=\u00bbdefault\u00bb phone_text_alignment=\u00bbdefault\u00bb column_border_width=\u00bbnone\u00bb column_border_style=\u00bbsolid\u00bb bg_image_animation=\u00bbnone\u00bb enable_animation=\u00bbtrue\u00bb animation=\u00bbfade-in\u00bb][\/vc_column][\/vc_row][vc_row type=\u00bbfull_width_background\u00bb full_screen_row_position=\u00bbmiddle\u00bb column_margin=\u00bbdefault\u00bb column_direction=\u00bbdefault\u00bb column_direction_tablet=\u00bbdefault\u00bb column_direction_phone=\u00bbdefault\u00bb bg_color=\u00bb#ffffff\u00bb scene_position=\u00bbcenter\u00bb top_padding=\u00bb2%\u00bb bottom_padding=\u00bb1%\u00bb text_color=\u00bbdark\u00bb text_align=\u00bbleft\u00bb row_border_radius=\u00bbnone\u00bb row_border_radius_applies=\u00bbbg\u00bb overlay_strength=\u00bb0.95&#8243; gradient_direction=\u00bbleft_to_right\u00bb shape_divider_position=\u00bbbottom\u00bb bg_image_animation=\u00bbnone\u00bb shape_type=\u00bb\u00bb][vc_column column_padding=\u00bbno-extra-padding\u00bb column_padding_tablet=\u00bbinherit\u00bb column_padding_phone=\u00bbinherit\u00bb column_padding_position=\u00bball\u00bb background_color_opacity=\u00bb1&#8243; background_hover_color_opacity=\u00bb1&#8243; column_shadow=\u00bbnone\u00bb column_border_radius=\u00bbnone\u00bb column_link_target=\u00bb_self\u00bb gradient_direction=\u00bbleft_to_right\u00bb overlay_strength=\u00bb0.3&#8243; width=\u00bb1\/1&#8243; tablet_width_inherit=\u00bbdefault\u00bb tablet_text_alignment=\u00bbdefault\u00bb phone_text_alignment=\u00bbdefault\u00bb column_border_width=\u00bbnone\u00bb column_border_style=\u00bbsolid\u00bb bg_image_animation=\u00bbnone\u00bb enable_animation=\u00bbtrue\u00bb animation=\u00bbfade-in-from-bottom\u00bb][vc_row_inner equal_height=\u00bbyes\u00bb content_placement=\u00bbtop\u00bb column_margin=\u00bbdefault\u00bb column_direction=\u00bbdefault\u00bb column_direction_tablet=\u00bbdefault\u00bb column_direction_phone=\u00bbdefault\u00bb text_align=\u00bbleft\u00bb][vc_column_inner column_padding=\u00bbpadding-5-percent\u00bb column_padding_tablet=\u00bbinherit\u00bb column_padding_phone=\u00bbinherit\u00bb column_padding_position=\u00bball\u00bb centered_text=\u00bbtrue\u00bb background_color_opacity=\u00bb1&#8243; background_hover_color_opacity=\u00bb1&#8243; font_color=\u00bb#919191&#8243; column_shadow=\u00bbnone\u00bb column_border_radius=\u00bbnone\u00bb column_link_target=\u00bb_self\u00bb gradient_direction=\u00bbleft_to_right\u00bb overlay_strength=\u00bb0.3&#8243; width=\u00bb1\/4&#8243; tablet_width_inherit=\u00bbdefault\u00bb column_border_width=\u00bbnone\u00bb column_border_color=\u00bb#3a3a3a\u00bb column_border_style=\u00bbsolid\u00bb bg_image_animation=\u00bbnone\u00bb enable_animation=\u00bbtrue\u00bb animation=\u00bbfade-in-from-bottom\u00bb][\/vc_column_inner][vc_column_inner column_padding=\u00bbpadding-8-percent\u00bb column_padding_tablet=\u00bbinherit\u00bb column_padding_phone=\u00bbinherit\u00bb column_padding_position=\u00bball\u00bb centered_text=\u00bbtrue\u00bb background_color_opacity=\u00bb1&#8243; background_hover_color_opacity=\u00bb1&#8243; font_color=\u00bb#919191&#8243; column_shadow=\u00bbsmall_depth\u00bb column_border_radius=\u00bb15px\u00bb column_link_target=\u00bb_self\u00bb gradient_direction=\u00bbleft_to_right\u00bb overlay_strength=\u00bb0.3&#8243; width=\u00bb1\/2&#8243; tablet_width_inherit=\u00bbdefault\u00bb column_border_width=\u00bbnone\u00bb column_border_color=\u00bb#5d89c2&#8243; column_border_style=\u00bbsolid\u00bb bg_image_animation=\u00bbnone\u00bb enable_animation=\u00bbtrue\u00bb animation=\u00bbfade-in-from-bottom\u00bb delay=\u00bb100&#8243;][image_with_animation image_url=\u00bb8778&#8243; animation=\u00bbNone\u00bb hover_animation=\u00bbnone\u00bb alignment=\u00bbcenter\u00bb border_radius=\u00bbnone\u00bb box_shadow=\u00bbnone\u00bb image_loading=\u00bbdefault\u00bb max_width=\u00bb100%\u00bb max_width_mobile=\u00bbdefault\u00bb][vc_column_text]\n<h3 style=\"line-height: 120%; text-align: center;\"><span style=\"color: #1e73be;\">QUOTA<br \/>\nINTERCENTRES<\/span><\/h3>\n<h1 style=\"text-align: center;\"><span style=\"color: #1e73be;\"><strong>44,15\u20ac<\/strong><\/span><\/h1>\n<h4 style=\"line-height: 120%; text-align: center;\"><span style=\"color: #333333;\">La quota Intercentres amb acc\u00e9s a CEM Vintr\u00f3, CEM La Verneda i CEM Trinitat Vella<\/span><\/h4>\n[\/vc_column_text][nectar_btn size=\u00bblarge\u00bb open_new_tab=\u00bbtrue\u00bb button_style=\u00bbsee-through\u00bb button_color_2=\u00bbAccent-Color\u00bb color_override=\u00bb#1e73be\u00bb icon_family=\u00bbdefault_arrow\u00bb text=\u00bbALTA ONLINE\u00bb url=\u00bbhttps:\/\/asmevintro-verneda.deporsite.net\/contratar-abono\u00bb][\/vc_column_inner][vc_column_inner column_padding=\u00bbpadding-5-percent\u00bb column_padding_tablet=\u00bbinherit\u00bb column_padding_phone=\u00bbinherit\u00bb column_padding_position=\u00bball\u00bb centered_text=\u00bbtrue\u00bb background_color_opacity=\u00bb1&#8243; background_hover_color_opacity=\u00bb1&#8243; font_color=\u00bb#919191&#8243; column_shadow=\u00bbnone\u00bb column_border_radius=\u00bbnone\u00bb column_link_target=\u00bb_self\u00bb gradient_direction=\u00bbleft_to_right\u00bb overlay_strength=\u00bb0.3&#8243; width=\u00bb1\/4&#8243; tablet_width_inherit=\u00bbdefault\u00bb column_border_width=\u00bbnone\u00bb column_border_color=\u00bb#3a3a3a\u00bb column_border_style=\u00bbsolid\u00bb bg_image_animation=\u00bbnone\u00bb enable_animation=\u00bbtrue\u00bb animation=\u00bbfade-in-from-bottom\u00bb delay=\u00bb200&#8243;][\/vc_column_inner][\/vc_row_inner][vc_row_inner column_margin=\u00bbdefault\u00bb column_direction=\u00bbdefault\u00bb column_direction_tablet=\u00bbdefault\u00bb column_direction_phone=\u00bbdefault\u00bb text_align=\u00bbleft\u00bb][vc_column_inner column_padding=\u00bbno-extra-padding\u00bb column_padding_tablet=\u00bbinherit\u00bb column_padding_phone=\u00bbinherit\u00bb column_padding_position=\u00bball\u00bb centered_text=\u00bbtrue\u00bb background_color_opacity=\u00bb1&#8243; background_hover_color_opacity=\u00bb1&#8243; column_shadow=\u00bbnone\u00bb column_border_radius=\u00bbnone\u00bb column_link_target=\u00bb_self\u00bb gradient_direction=\u00bbleft_to_right\u00bb overlay_strength=\u00bb0.3&#8243; width=\u00bb1\/1&#8243; tablet_width_inherit=\u00bbdefault\u00bb column_border_width=\u00bbnone\u00bb column_border_style=\u00bbsolid\u00bb bg_image_animation=\u00bbnone\u00bb enable_animation=\u00bbtrue\u00bb animation=\u00bbfade-in\u00bb][divider line_type=\u00bbNo Line\u00bb custom_height=\u00bb120&#8243;][vc_column_text css=\u00bb.vc_custom_1629115712900{padding-bottom: 10px !important;}\u00bb]\n<h2>TARIFES PER CENTRE 2021<\/h2>\n[\/vc_column_text][divider line_type=\u00bbSmall Line\u00bb line_alignment=\u00bbdefault\u00bb line_thickness=\u00bb3&#8243; divider_color=\u00bbextra-color-gradient-1&#8243; animate=\u00bbyes\u00bb custom_height=\u00bb30&#8243; custom_line_width=\u00bb120&#8243; delay=\u00bb100&#8243;][\/vc_column_inner][\/vc_row_inner][vc_row_inner column_margin=\u00bbdefault\u00bb column_direction=\u00bbdefault\u00bb column_direction_tablet=\u00bbdefault\u00bb column_direction_phone=\u00bbdefault\u00bb text_align=\u00bbleft\u00bb el_id=\u00bbverneda\u00bb][vc_column_inner column_padding=\u00bbno-extra-padding\u00bb column_padding_tablet=\u00bbinherit\u00bb column_padding_phone=\u00bbinherit\u00bb column_padding_position=\u00bball\u00bb background_color_opacity=\u00bb1&#8243; background_hover_color_opacity=\u00bb1&#8243; column_shadow=\u00bbnone\u00bb column_border_radius=\u00bbnone\u00bb column_link_target=\u00bb_self\u00bb gradient_direction=\u00bbleft_to_right\u00bb overlay_strength=\u00bb0.3&#8243; width=\u00bb1\/6&#8243; tablet_width_inherit=\u00bbdefault\u00bb column_border_width=\u00bbnone\u00bb column_border_style=\u00bbsolid\u00bb bg_image_animation=\u00bbnone\u00bb enable_animation=\u00bbtrue\u00bb animation=\u00bbfade-in-from-bottom\u00bb][\/vc_column_inner][vc_column_inner column_padding=\u00bbno-extra-padding\u00bb column_padding_tablet=\u00bbinherit\u00bb column_padding_phone=\u00bbinherit\u00bb column_padding_position=\u00bball\u00bb background_color_opacity=\u00bb1&#8243; background_hover_color_opacity=\u00bb1&#8243; column_shadow=\u00bbnone\u00bb column_border_radius=\u00bbnone\u00bb column_link_target=\u00bb_self\u00bb gradient_direction=\u00bbleft_to_right\u00bb overlay_strength=\u00bb0.3&#8243; width=\u00bb2\/3&#8243; tablet_width_inherit=\u00bbdefault\u00bb column_border_width=\u00bbnone\u00bb column_border_style=\u00bbsolid\u00bb bg_image_animation=\u00bbnone\u00bb][vc_column_text css=\u00bb.vc_custom_1629099936782{padding-top: 60px !important;padding-bottom: 30px !important;}\u00bb]\n<h3><img loading=\"lazy\" decoding=\"async\" class=\"alignnone wp-image-8459\" src=\"https:\/\/www.asme.cat\/cemlaverneda\/wp-content\/uploads\/LOGO-CEM-VERNEDA-LOW.png\" alt=\"\" width=\"120\" height=\"101\" \/>CEM La Verneda<\/h3>\n[\/vc_column_text][nectar_food_menu_item style=\u00bbline_between\u00bb item_name_heading_tag=\u00bbh4&#8243; item_name=\u00bbAdult a partir de 21 anys\u00bb text=\u00bb$9&#8243; item_price=\u00bb40,75\u20ac\u00bb][nectar_food_menu_item style=\u00bbline_between\u00bb item_name_heading_tag=\u00bbh4&#8243; item_name=\u00bbInfantil fins a 14 anys\u00bb text=\u00bb$9&#8243; item_price=\u00bb22,60\u20ac\u00bb][nectar_food_menu_item style=\u00bbline_between\u00bb item_name_heading_tag=\u00bbh4&#8243; item_name=\u00bbJove de 15 a 20 anys\u00bb text=\u00bb$9&#8243; item_price=\u00bb26,30\u20ac\u00bb][nectar_food_menu_item style=\u00bbline_between\u00bb item_name_heading_tag=\u00bbh4&#8243; item_name=\u00bbFamiliar tota la unitat*\u00bb text=\u00bb$9&#8243; item_price=\u00bb79,50\u20ac\u00bb][nectar_food_menu_item style=\u00bbline_between\u00bb item_name_heading_tag=\u00bbh4&#8243; item_name=\u00bbJove de 15 a 18 anys\u00bb text=\u00bb$9&#8243; item_price=\u00bb26,30\u20ac\u00bb][nectar_food_menu_item style=\u00bbline_between\u00bb item_name_heading_tag=\u00bbh4&#8243; item_name=\u00bbMigdia + caps de setmana **\u00bb text=\u00bb$9&#8243; item_price=\u00bb31,60\u20ac\u00bb][nectar_food_menu_item style=\u00bbline_between\u00bb item_name_heading_tag=\u00bbh4&#8243; item_name=\u00bbMigdia de 13.30 a 17h ** (dll a dv)\u00bb text=\u00bb$9&#8243; item_price=\u00bb26,40\u20ac\u00bb][nectar_food_menu_item style=\u00bbline_between\u00bb item_name_heading_tag=\u00bbh4&#8243; item_name=\u00bbCaps de setmana i festius**\u00bb text=\u00bb$9&#8243; item_price=\u00bb26,40\u20ac\u00bb][nectar_food_menu_item style=\u00bbline_between\u00bb item_name_heading_tag=\u00bbh4&#8243; item_name=\u00bb3r membre familia\u00bb text=\u00bb$9&#8243; item_price=\u00bb26,30\u20ac\u00bb][nectar_food_menu_item style=\u00bbline_between\u00bb item_name_heading_tag=\u00bbh4&#8243; item_name=\u00bb3r edat tarjeta rosa\u00bb text=\u00bb$9&#8243; item_price=\u00bb24,45\u20ac\u00bb][nectar_food_menu_item style=\u00bbline_between\u00bb item_name_heading_tag=\u00bbh4&#8243; item_name=\u00bbManteniment temporal*\u00bb text=\u00bb$9&#8243; item_price=\u00bb8,30\u20ac\u00bb][vc_column_text]<span style=\"font-weight: 400;\">* Segons condicions establertes<br \/>\n<\/span><span style=\"font-weight: 400;\">** Amb aquestes quotes tamb\u00e9 pots accedir al centre els divendres per la tarda.<\/span>[\/vc_column_text][nectar_btn size=\u00bbjumbo\u00bb open_new_tab=\u00bbtrue\u00bb button_style=\u00bbsee-through-2&#8243; color_override=\u00bb#1e73be\u00bb hover_text_color_override=\u00bb#ffffff\u00bb icon_family=\u00bbdefault_arrow\u00bb text=\u00bbALTA ONLINE\u00bb url=\u00bbhttps:\/\/asmevintro-verneda.deporsite.net\/contratar-abono\u00bb][\/vc_column_inner][vc_column_inner column_padding=\u00bbno-extra-padding\u00bb column_padding_tablet=\u00bbinherit\u00bb column_padding_phone=\u00bbinherit\u00bb column_padding_position=\u00bball\u00bb background_color_opacity=\u00bb1&#8243; background_hover_color_opacity=\u00bb1&#8243; column_shadow=\u00bbnone\u00bb column_border_radius=\u00bbnone\u00bb column_link_target=\u00bb_self\u00bb gradient_direction=\u00bbleft_to_right\u00bb overlay_strength=\u00bb0.3&#8243; width=\u00bb1\/6&#8243; tablet_width_inherit=\u00bbdefault\u00bb column_border_width=\u00bbnone\u00bb column_border_style=\u00bbsolid\u00bb bg_image_animation=\u00bbnone\u00bb][\/vc_column_inner][\/vc_row_inner][vc_row_inner column_margin=\u00bbdefault\u00bb column_direction=\u00bbdefault\u00bb column_direction_tablet=\u00bbdefault\u00bb column_direction_phone=\u00bbdefault\u00bb text_align=\u00bbleft\u00bb el_id=\u00bbvintro\u00bb][vc_column_inner column_padding=\u00bbno-extra-padding\u00bb column_padding_tablet=\u00bbinherit\u00bb column_padding_phone=\u00bbinherit\u00bb column_padding_position=\u00bball\u00bb background_color_opacity=\u00bb1&#8243; background_hover_color_opacity=\u00bb1&#8243; column_shadow=\u00bbnone\u00bb column_border_radius=\u00bbnone\u00bb column_link_target=\u00bb_self\u00bb gradient_direction=\u00bbleft_to_right\u00bb overlay_strength=\u00bb0.3&#8243; width=\u00bb1\/6&#8243; tablet_width_inherit=\u00bbdefault\u00bb column_border_width=\u00bbnone\u00bb column_border_style=\u00bbsolid\u00bb bg_image_animation=\u00bbnone\u00bb enable_animation=\u00bbtrue\u00bb animation=\u00bbfade-in-from-bottom\u00bb][\/vc_column_inner][vc_column_inner column_padding=\u00bbno-extra-padding\u00bb column_padding_tablet=\u00bbinherit\u00bb column_padding_phone=\u00bbinherit\u00bb column_padding_position=\u00bball\u00bb background_color_opacity=\u00bb1&#8243; background_hover_color_opacity=\u00bb1&#8243; column_shadow=\u00bbnone\u00bb column_border_radius=\u00bbnone\u00bb column_link_target=\u00bb_self\u00bb gradient_direction=\u00bbleft_to_right\u00bb overlay_strength=\u00bb0.3&#8243; width=\u00bb2\/3&#8243; tablet_width_inherit=\u00bbdefault\u00bb column_border_width=\u00bbnone\u00bb column_border_style=\u00bbsolid\u00bb bg_image_animation=\u00bbnone\u00bb][vc_column_text css=\u00bb.vc_custom_1631826204560{padding-top: 60px !important;padding-bottom: 30px !important;}\u00bb]\n<h3><img loading=\"lazy\" decoding=\"async\" class=\"alignnone wp-image-8460\" src=\"https:\/\/www.asme.cat\/cemlaverneda\/wp-content\/uploads\/LOGO-CEM-VINTRO-LOW.png\" alt=\"\" width=\"120\" height=\"101\" \/>CEM Vintr\u00f3<\/h3>\n[\/vc_column_text][nectar_food_menu_item style=\u00bbline_between\u00bb item_name_heading_tag=\u00bbh4&#8243; item_name=\u00bbAdult a partir de 21 anys\u00bb text=\u00bb$9&#8243; item_price=\u00bb44,15\u20ac\u00bb][nectar_food_menu_item style=\u00bbline_between\u00bb item_name_heading_tag=\u00bbh4&#8243; item_name=\u00bbJove de 15 a 20 anys\u00bb text=\u00bb$9&#8243; item_price=\u00bb28,85\u20ac\u00bb][nectar_food_menu_item style=\u00bbline_between\u00bb item_name_heading_tag=\u00bbh4&#8243; item_name=\u00bbInfantil fins a 14 anys\u00bb text=\u00bb$9&#8243; item_price=\u00bb26,65\u20ac\u00bb][nectar_food_menu_item style=\u00bbline_between\u00bb item_name_heading_tag=\u00bbh4&#8243; item_name=\u00bbFamiliar tota la unitat*\u00bb text=\u00bb$9&#8243; item_price=\u00bb82,65\u20ac\u00bb][nectar_food_menu_item style=\u00bbline_between\u00bb item_name_heading_tag=\u00bbh4&#8243; item_name=\u00bbMonoparental*\u00bb text=\u00bb$9&#8243; item_price=\u00bb52,40\u20ac\u00bb][nectar_food_menu_item style=\u00bbline_between\u00bb item_name_heading_tag=\u00bbh4&#8243; item_name=\u00bbQuota alternativa de 7 a 17 de dll a dj. Dv i caps de setmana tot l&#8217;horari\u00bb text=\u00bb$9&#8243; item_price=\u00bb36,00\u20ac\u00bb][nectar_food_menu_item style=\u00bbline_between\u00bb item_name_heading_tag=\u00bbh4&#8243; item_name=\u00bbMatins\u00bb text=\u00bb$9&#8243; item_price=\u00bb29,45\u20ac\u00bb][nectar_food_menu_item style=\u00bbline_between\u00bb item_name_heading_tag=\u00bbh4&#8243; item_name=\u00bbMigdia de 13 a 17h (dll a dv)**\u00bb text=\u00bb$9&#8243; item_price=\u00bb24,35\u20ac\u00bb][nectar_food_menu_item style=\u00bbline_between\u00bb item_name_heading_tag=\u00bbh4&#8243; item_name=\u00bbCaps de setmana + festius\u00bb text=\u00bb$9&#8243; item_price=\u00bb24,35\u20ac\u00bb][nectar_food_menu_item style=\u00bbline_between\u00bb item_name_heading_tag=\u00bbh4&#8243; item_name=\u00bb3r membre familia\u00bb text=\u00bb$9&#8243; item_price=\u00bb28,85\u20ac\u00bb][nectar_food_menu_item style=\u00bbline_between\u00bb item_name_heading_tag=\u00bbh4&#8243; item_name=\u00bbTarjeta rosa\u00bb text=\u00bb$9&#8243; item_price=\u00bb28,20\u20ac\u00bb][nectar_food_menu_item style=\u00bbline_between\u00bb item_name_heading_tag=\u00bbh4&#8243; item_name=\u00bbTarjeta rosa matins\u00bb text=\u00bb$9&#8243; item_price=\u00bb23,70\u20ac\u00bb][nectar_food_menu_item style=\u00bbline_between\u00bb item_name_heading_tag=\u00bbh4&#8243; item_name=\u00bbManteniment temporal*\u00bb text=\u00bb$9&#8243; item_price=\u00bb8,45\u20ac\u00bb][vc_column_text]<span style=\"font-weight: 400;\">* Segons condicions establertes<br \/>\n<\/span><span style=\"font-weight: 400;\">** Amb aquestes quotes tamb\u00e9 pots accedir al centre els divendres per la tarda.<\/span>[\/vc_column_text][nectar_btn size=\u00bbjumbo\u00bb open_new_tab=\u00bbtrue\u00bb button_style=\u00bbsee-through-2&#8243; color_override=\u00bb#1e73be\u00bb hover_text_color_override=\u00bb#ffffff\u00bb icon_family=\u00bbdefault_arrow\u00bb text=\u00bbALTA ONLINE\u00bb url=\u00bbhttps:\/\/asmevintro-verneda.deporsite.net\/contratar-abono\u00bb][\/vc_column_inner][vc_column_inner column_padding=\u00bbno-extra-padding\u00bb column_padding_tablet=\u00bbinherit\u00bb column_padding_phone=\u00bbinherit\u00bb column_padding_position=\u00bball\u00bb background_color_opacity=\u00bb1&#8243; background_hover_color_opacity=\u00bb1&#8243; column_shadow=\u00bbnone\u00bb column_border_radius=\u00bbnone\u00bb column_link_target=\u00bb_self\u00bb gradient_direction=\u00bbleft_to_right\u00bb overlay_strength=\u00bb0.3&#8243; width=\u00bb1\/6&#8243; tablet_width_inherit=\u00bbdefault\u00bb column_border_width=\u00bbnone\u00bb column_border_style=\u00bbsolid\u00bb bg_image_animation=\u00bbnone\u00bb][\/vc_column_inner][\/vc_row_inner][vc_row_inner column_margin=\u00bbdefault\u00bb column_direction=\u00bbdefault\u00bb column_direction_tablet=\u00bbdefault\u00bb column_direction_phone=\u00bbdefault\u00bb bottom_padding=\u00bb10%\u00bb text_align=\u00bbleft\u00bb el_id=\u00bbtrinitat\u00bb][vc_column_inner column_padding=\u00bbno-extra-padding\u00bb column_padding_tablet=\u00bbinherit\u00bb column_padding_phone=\u00bbinherit\u00bb column_padding_position=\u00bball\u00bb background_color_opacity=\u00bb1&#8243; background_hover_color_opacity=\u00bb1&#8243; column_shadow=\u00bbnone\u00bb column_border_radius=\u00bbnone\u00bb column_link_target=\u00bb_self\u00bb gradient_direction=\u00bbleft_to_right\u00bb overlay_strength=\u00bb0.3&#8243; width=\u00bb1\/6&#8243; tablet_width_inherit=\u00bbdefault\u00bb column_border_width=\u00bbnone\u00bb column_border_style=\u00bbsolid\u00bb bg_image_animation=\u00bbnone\u00bb enable_animation=\u00bbtrue\u00bb animation=\u00bbfade-in-from-bottom\u00bb][\/vc_column_inner][vc_column_inner column_padding=\u00bbno-extra-padding\u00bb column_padding_tablet=\u00bbinherit\u00bb column_padding_phone=\u00bbinherit\u00bb column_padding_position=\u00bball\u00bb background_color_opacity=\u00bb1&#8243; background_hover_color_opacity=\u00bb1&#8243; column_shadow=\u00bbnone\u00bb column_border_radius=\u00bbnone\u00bb column_link_target=\u00bb_self\u00bb gradient_direction=\u00bbleft_to_right\u00bb overlay_strength=\u00bb0.3&#8243; width=\u00bb2\/3&#8243; tablet_width_inherit=\u00bbdefault\u00bb column_border_width=\u00bbnone\u00bb column_border_style=\u00bbsolid\u00bb bg_image_animation=\u00bbnone\u00bb][vc_column_text css=\u00bb.vc_custom_1629113341001{padding-top: 60px !important;padding-bottom: 30px !important;}\u00bb]\n<h3><img loading=\"lazy\" decoding=\"async\" class=\"alignnone wp-image-8458\" src=\"https:\/\/www.asme.cat\/cemlaverneda\/wp-content\/uploads\/LOGO-CEM-TRINITAT-LOW.png\" alt=\"\" width=\"120\" height=\"101\" \/>CEM Trinitat Vella<\/h3>\n[\/vc_column_text][nectar_food_menu_item style=\u00bbline_between\u00bb item_name_heading_tag=\u00bbh4&#8243; item_name=\u00bbAdults des de 19 fins a 64 anys\u00bb text=\u00bb$9&#8243; item_price=\u00bb30,15\u20ac\u00bb][nectar_food_menu_item style=\u00bbline_between\u00bb item_name_heading_tag=\u00bbh4&#8243; item_name=\u00bbInfantil fins a 18 anys\u00bb text=\u00bb$9&#8243; item_price=\u00bb21,20\u20ac\u00bb][nectar_food_menu_item style=\u00bbline_between\u00bb item_name_heading_tag=\u00bbh4&#8243; item_name=\u00bbJubilats a partir de 65 i TR\u00bb text=\u00bb$9&#8243; item_price=\u00bb23,10\u20ac\u00bb][nectar_food_menu_item style=\u00bbline_between\u00bb item_name_heading_tag=\u00bbh4&#8243; item_name=\u00bbFamiliar tota la unitat** ( 2 adults i fills fins a 21 anys)\u00bb text=\u00bb$9&#8243; item_price=\u00bb60,65\u20ac\u00bb][nectar_food_menu_item style=\u00bbline_between\u00bb item_name_heading_tag=\u00bbh4&#8243; item_name=\u00bbMonoparental (1 adults i fills fins a 21 anys)\u00bb text=\u00bb$9&#8243; item_price=\u00bb35,55\u20ac\u00bb][nectar_food_menu_item style=\u00bbline_between\u00bb item_name_heading_tag=\u00bbh4&#8243; item_name=\u00bbTarjeta rosa discapacitat\u00bb text=\u00bb$9&#8243; item_price=\u00bb14,20\u20ac\u00bb][nectar_food_menu_item style=\u00bbline_between\u00bb item_name_heading_tag=\u00bbh4&#8243; item_name=\u00bbAturats *\u00bb text=\u00bb$9&#8243; item_price=\u00bb15,05\u20ac\u00bb][nectar_food_menu_item style=\u00bbline_between\u00bb item_name_heading_tag=\u00bbh4&#8243; item_name=\u00bbManteniment temporal *\u00bb text=\u00bb$9&#8243; item_price=\u00bb6,15\u20ac\u00bb][vc_column_text]<span style=\"font-weight: 400;\">* Informaci\u00f3 a recepci\u00f3 dels requisits.<br \/>\n<\/span><span style=\"font-weight: 400;\">** Cal presentar documents acreditatius i DNI. Pagament del rebut per domiciliaci\u00f3 banc\u00e0ria. Amb un rebut pendent es donar\u00e0 de baixa el servei i perdr\u00e0n els drets d&#8217;inscripci\u00f3.<\/span>[\/vc_column_text][nectar_btn size=\u00bbjumbo\u00bb open_new_tab=\u00bbtrue\u00bb button_style=\u00bbsee-through-2&#8243; color_override=\u00bb#1e73be\u00bb hover_text_color_override=\u00bb#ffffff\u00bb icon_family=\u00bbdefault_arrow\u00bb text=\u00bbALTA ONLINE\u00bb url=\u00bbhttps:\/\/asmetrinitat.deporsite.net\/contratar-abono\u00bb][\/vc_column_inner][vc_column_inner column_padding=\u00bbno-extra-padding\u00bb column_padding_tablet=\u00bbinherit\u00bb column_padding_phone=\u00bbinherit\u00bb column_padding_position=\u00bball\u00bb background_color_opacity=\u00bb1&#8243; background_hover_color_opacity=\u00bb1&#8243; column_shadow=\u00bbnone\u00bb column_border_radius=\u00bbnone\u00bb column_link_target=\u00bb_self\u00bb gradient_direction=\u00bbleft_to_right\u00bb overlay_strength=\u00bb0.3&#8243; width=\u00bb1\/6&#8243; tablet_width_inherit=\u00bbdefault\u00bb column_border_width=\u00bbnone\u00bb column_border_style=\u00bbsolid\u00bb bg_image_animation=\u00bbnone\u00bb][\/vc_column_inner][\/vc_row_inner][\/vc_column][\/vc_row]\n","protected":false},"excerpt":{"rendered":"<p>[vc_row type=\u00bbfull_width_background\u00bb full_screen_row_position=\u00bbmiddle\u00bb column_margin=\u00bbdefault\u00bb equal_height=\u00bbyes\u00bb content_placement=\u00bbmiddle\u00bb column_direction=\u00bbdefault\u00bb column_direction_tablet=\u00bbdefault\u00bb column_direction_phone=\u00bbdefault\u00bb bg_color=\u00bbrgba(0,0,0,0.8)\u00bb bg_image=\u00bb9346&#8243; bg_position=\u00bbcenter top\u00bb bg_repeat=\u00bbno-repeat\u00bb scene_position=\u00bbcenter\u00bb&#8230;<\/p>\n","protected":false},"author":3,"featured_media":0,"parent":0,"menu_order":0,"comment_status":"closed","ping_status":"closed","template":"","meta":{"footnotes":""},"class_list":["post-7991","page","type-page","status-publish"],"_links":{"self":[{"href":"https:\/\/www.asme.cat\/cemlaverneda\/wp-json\/wp\/v2\/pages\/7991","targetHints":{"allow":["GET"]}}],"collection":[{"href":"https:\/\/www.asme.cat\/cemlaverneda\/wp-json\/wp\/v2\/pages"}],"about":[{"href":"https:\/\/www.asme.cat\/cemlaverneda\/wp-json\/wp\/v2\/types\/page"}],"author":[{"embeddable":true,"href":"https:\/\/www.asme.cat\/cemlaverneda\/wp-json\/wp\/v2\/users\/3"}],"replies":[{"embeddable":true,"href":"https:\/\/www.asme.cat\/cemlaverneda\/wp-json\/wp\/v2\/comments?post=7991"}],"version-history":[{"count":144,"href":"https:\/\/www.asme.cat\/cemlaverneda\/wp-json\/wp\/v2\/pages\/7991\/revisions"}],"predecessor-version":[{"id":10117,"href":"https:\/\/www.asme.cat\/cemlaverneda\/wp-json\/wp\/v2\/pages\/7991\/revisions\/10117"}],"wp:attachment":[{"href":"https:\/\/www.asme.cat\/cemlaverneda\/wp-json\/wp\/v2\/media?parent=7991"}],"curies":[{"name":"wp","href":"https:\/\/api.w.org\/{rel}","templated":true}]}}